{"id":1560,"date":"2020-09-11T14:07:45","date_gmt":"2020-09-11T12:07:45","guid":{"rendered":"http:\/\/www.camping-du-lac-de-bonnefon.com\/tourisme-aveyron\/"},"modified":"2020-10-09T16:21:10","modified_gmt":"2020-10-09T14:21:10","slug":"toerisme-aveyron","status":"publish","type":"page","link":"https:\/\/www.camping-du-lac-de-bonnefon.com\/nl\/toerisme-aveyron\/","title":{"rendered":"La r\u00e9gion : Aveyron et le Roquefort"},"content":{"rendered":"<section id=\"section-5f6b36a14ab39\"\" class=\"section bg-white p-b-0\" \/><div class=\"container  extralarge\"><h1 class=\"element section-title center\">Toerisme in Aveyron<\/h1><div class=\"element bloc-text center \">\n\t<p>De Aveyron heeft zeer weinig moeite om alle <strong class=\"bold color1\">natuurliefhebbers<\/strong> en de <strong class=\"bold color1\">buitensporters<\/strong> te verleiden. Zijn eenvoudige aanwezigheid is genoeg om alle uitstapjes in het departement vol verrassingen en activiteiten te maken: rivieren, afgronden, bergen en groene valleien vullen uw vakantieplanning, maar ook het geheugen van uw camera. Wat de meest fijnproevers betreft, zullen ze vaak een idee in gedachten hebben: ga naar de <strong class=\"bold color1\">Land van Roquefort<\/strong> om een lokaal product te proeven waar heel Frankrijk jaloers op is! <\/p>\n<\/div><\/div><\/section>\n\n<section id=\"section-5f6b36a14b045\"\" class=\"section bg-white\" \/><div class=\"container  full\"><div class=\"colonnes-wrap valign-stretch \"><div class=\"element colonne bg-color3 p-4 m-1 m-l-3\"><h2 class=\"element section-title justify\">Activiteiten en wandelingen in Aveyron in september<\/h2><div class=\"element bloc-text justify \">\n\t<p>In september profiteert de Aveyron van een <strong class=\"bold color1\">plezierig klimaat<\/strong> dat gunstig is voor wandelingen en buitenactiviteiten: kajakken, raften, mountainbiken, paardrijden kunnen uw kampeervakantie in de buurt van Rodez opfleuren.<\/p>\n<p>De <strong class=\"bold color1\">grote natuurgebieden van de Aveyron<\/strong> zullen zich voor uw grootste plezier aanbieden, van de kloven van de Tarn door de bergen en het meer van L\u00e9v\u00e9zou zonder de beroemde viaducten van de regio te vergeten. <\/p>\n<p>De <strong class=\"bold color1\">Land van Roquefort<\/strong> is een must in het departement, het zal u uitnodigen tot memorabele wandelingen om de kliffen van Combalou en beroemde historische plaatsen zoals het kasteel van Montaigut met uitzicht op de Rougier de Camar\u00e8s te veroveren.<\/p>\n<p>Deze natuurlijke regio zal u verrassen met zijn rode bodem (van ijzeroxide) en biedt wandelaarslandschappen van een heel andere orde. U had niet kunnen dromen van een betere plek om uw batterijen op te laden en al uw zintuigen te prikkelen tijdens uw vakantie in Occitani\u00eb. En als er \u00e9\u00e9n gevoel is dat op de loer ligt tijdens uw bezoek aan de schatten van Aveyron, dan is het wel smaak!<\/p>\n<\/div><\/div><div class=\"element colonne m-1 p-0 m-r-3\"><div class=\"element images scroll-x-mobile\"><div class=\"image\"><img decoding=\"async\" src=\"https:\/\/www.camping-du-lac-de-bonnefon.com\/wp-content\/uploads\/2020\/10\/randonnee-aveyron-100x76.jpg\" data-src=\"https:\/\/www.camping-du-lac-de-bonnefon.com\/wp-content\/uploads\/2020\/10\/randonnee-aveyron.jpg\" alt=\"randonnee aveyron\" class=\"images_image\" \/><\/div><\/div><\/div><\/div><\/div><\/section>\n\n<section id=\"section-img-bg\"\" class=\"section bg-white section--has-bg-img\" \/><img decoding=\"async\" src=\"https:\/\/www.camping-du-lac-de-bonnefon.com\/wp-content\/uploads\/2020\/10\/cave-roquefort-aveyron-100x34.jpg\" data-src=\"https:\/\/www.camping-du-lac-de-bonnefon.com\/wp-content\/uploads\/2020\/10\/cave-roquefort-aveyron.jpg\" alt=\"cave roquefort aveyron\" class=\"section_bg-img\" data-opacite=\"0.4\"\/><div class=\"container  full\"><\/div><\/section>\n\n<section id=\"section-last\"\" class=\"section bg-white\" \/><div class=\"container  full\"><div class=\"colonnes-wrap valign-stretch \"><div class=\"element colonne m-1 p-0 m-l-3\"><div class=\"element images scroll-x-mobile\"><div class=\"image\"><img decoding=\"async\" src=\"https:\/\/www.camping-du-lac-de-bonnefon.com\/wp-content\/uploads\/2020\/10\/roquefort-aveyron-100x80.jpg\" data-src=\"https:\/\/www.camping-du-lac-de-bonnefon.com\/wp-content\/uploads\/2020\/10\/roquefort-aveyron.jpg\" alt=\"roquefort aveyron\" class=\"images_image\" \/><\/div><\/div><\/div><div class=\"element colonne bg-color3 p-4 m-1 m-r-3\"><h2 class=\"element section-title justify\">Roquefort, een dorp om te bezoeken, een kaas om van te genieten<\/h2><div class=\"element bloc-text justify \">\n\t<p>Wie zegt dat niveau <strong class=\"bold color1\">gastronomie in Aveyron<\/strong>, er is niets om er een hele kaas van te maken is ofwel een grapjas of een persoon die op de verkeerde plaats terecht is gekomen&#8230; <\/p>\n<p>Want als er een afdeling is waar lokale producten de trots zijn van de <strong class=\"bold color1\">Frans gastronomisch erfgoed<\/strong>, dan is het Aveyron! <\/p>\n<p>Zonder verder uitstel, richting <strong class=\"bold color1\">Roquefort-sur-Soulzon<\/strong>, voor een bezoek aan de rijpingskelders waar de ster van de kazen, de beroemde Roquefort, zich rustig voorbereidt om door fijne fijnproevers te worden geproefd. Het is de ineenstorting van de <strong class=\"bold color1\">combalou<\/strong> plateau die aan de oorsprong ligt van de creatie van deze kelders waarvan de gebreken (fleurines genaamd) een frisse lucht doorlaten waardoor je spijt krijgt dat je geen trui hebt gepland tijdens je bezoek!<\/p>\n<p>De benaming Roquefort wordt niet zomaar aan een kaas van rauwe schapenmelk gegeven en alleen het ras Lacaune wordt gebruikt voor de productie van melk voor de productie van <strong class=\"bold color1\">Roquefort AOC<\/strong>. Wees voorzichtig, in de Causses zijn de producenten bezorgd over de kwaliteit van het product en het welzijn van de dieren! De ooien worden aangemoedigd om het beste te halen uit de <sterke klasse=\"vette kleur1\">natuurlijke gebieden van de regio<\/sterke> zolang het weer het toelaat. <\/p>\n<p>Het resultaat? Een heerlijke blauwe kaas om te genieten met een stuk boerenbrood en een goede wijn uit de C\u00f4tes de Millau. Aarzel niet om naar Saint-Affrique te gaan, op 10 km van Rochefort, om een dorp vol verrassingen te ontdekken met zijn imkers, melkveehouderijen of zijn zaterdagmarkt waar u <strong class=\"bold color1\">de ene nog lekkerder dan de andere kunt voorzien van lokale producten<\/strong>.<\/p>\n<p>En als u tijdens uw verblijf in Aveyron nog steeds honger heeft (deze keer naar cultuur), ga dan naar de Europese Erfgoeddagen in september. Op het programma staan een groot aantal musea en andere kastelen in de regio die u verwelkomen voor een bezoek met een rijke geschiedenis.<\/p>\n<\/div><\/div><\/div><\/div><\/section>\n\n<section id=\"section-5f6b38f871c30\"\" class=\"section bg-color3\" \/><div class=\"container  extralarge\"><div class=\"element section-title center titre-cta\">Ontdek Aveyron<\/div><ul class=\"liste-de-page\"><li class=\"element call-to-action center titre-cta call-to-action--style-1 call-to-action--normal\"><a href=\"https:\/\/www.camping-du-lac-de-bonnefon.com\/nl\/kamperen-viaduct-viaur\/\"  class=\"call-to-action_link\" title=\"Meer informatie over viaduct van viaur\"><div class=\"call-to-action_image\"><img decoding=\"async\" src=\"https:\/\/www.camping-du-lac-de-bonnefon.com\/wp-content\/uploads\/2020\/09\/camping-proche-viaur-100x100.jpg\" data-src=\"https:\/\/www.camping-du-lac-de-bonnefon.com\/wp-content\/uploads\/2020\/09\/camping-proche-viaur.jpg\" alt=\"camping proche viaur\" class=\"normal\" \/><\/div><div class=\"call-to-action_contenu\"><div class=\"call-to-action_titre\">Viaduct van Viaur<\/div><\/div><\/a><\/li><li class=\"element call-to-action center titre-cta call-to-action--style-1 call-to-action--normal call-to-action--style-1 call-to-action--normal\"><a href=\"https:\/\/www.camping-du-lac-de-bonnefon.com\/nl\/kamperen-toulouse\/\"  class=\"call-to-action_link\" title=\"Meer informatie over toulouse\"><div class=\"call-to-action_image\"><img decoding=\"async\" src=\"https:\/\/www.camping-du-lac-de-bonnefon.com\/wp-content\/uploads\/2020\/09\/camping-proche-toulouse-100x100.jpg\" data-src=\"https:\/\/www.camping-du-lac-de-bonnefon.com\/wp-content\/uploads\/2020\/09\/camping-proche-toulouse.jpg\" alt=\"camping proche toulouse\" class=\"normal\" \/><\/div><div class=\"call-to-action_contenu\"><div class=\"call-to-action_titre\">Toulouse<\/div><\/div><\/a><\/li><li class=\"element call-to-action center titre-cta call-to-action--style-1 call-to-action--normal call-to-action--style-1 call-to-action--normal call-to-action--style-1 call-to-action--normal\"><a href=\"https:\/\/www.camping-du-lac-de-bonnefon.com\/nl\/kamperen-tarn\/\"  class=\"call-to-action_link\" title=\"Meer informatie over de tarn\"><div class=\"call-to-action_image\"><img decoding=\"async\" src=\"https:\/\/www.camping-du-lac-de-bonnefon.com\/wp-content\/uploads\/2020\/09\/camping-proche-tarn-100x100.jpg\" data-src=\"https:\/\/www.camping-du-lac-de-bonnefon.com\/wp-content\/uploads\/2020\/09\/camping-proche-tarn.jpg\" alt=\"camping proche tarn\" class=\"normal\" \/><\/div><div class=\"call-to-action_contenu\"><div class=\"call-to-action_titre\">De tarn<\/div><\/div><\/a><\/li><\/ul><\/div><\/section>","protected":false},"excerpt":{"rendered":"","protected":false},"author":1,"featured_media":638,"parent":0,"menu_order":0,"comment_status":"closed","ping_status":"closed","template":"","meta":{"_acf_changed":false,"footnotes":""},"class_list":["post-1560","page","type-page","status-publish","has-post-thumbnail","hentry"],"acf":[],"yoast_head":"<!-- This site is optimized with the Yoast SEO plugin v26.8 - https:\/\/yoast.com\/product\/yoast-seo-wordpress\/ -->\n<title>Toerisme Aveyron | Bezoek de Roquefort kelders | Vakantie Aveyron (12)<\/title>\n<meta name=\"robots\" content=\"index, follow, max-snippet:-1, max-image-preview:large, max-video-preview:-1\" \/>\n<link rel=\"canonical\" href=\"https:\/\/www.camping-du-lac-de-bonnefon.com\/nl\/toerisme-aveyron\/\" \/>\n<meta property=\"og:locale\" content=\"nl_NL\" \/>\n<meta property=\"og:type\" content=\"article\" \/>\n<meta property=\"og:title\" content=\"Toerisme Aveyron | Bezoek de Roquefort kelders | Vakantie Aveyron (12)\" \/>\n<meta property=\"og:url\" content=\"https:\/\/www.camping-du-lac-de-bonnefon.com\/nl\/toerisme-aveyron\/\" \/>\n<meta property=\"og:site_name\" content=\"Camping du Lac de Bonnefon\" \/>\n<meta property=\"article:modified_time\" content=\"2020-10-09T14:21:10+00:00\" \/>\n<meta property=\"og:image\" content=\"https:\/\/www.camping-du-lac-de-bonnefon.com\/wp-content\/uploads\/2020\/10\/aveyron-tourisme.jpg\" \/>\n\t<meta property=\"og:image:width\" content=\"1903\" \/>\n\t<meta property=\"og:image:height\" content=\"549\" \/>\n\t<meta property=\"og:image:type\" content=\"image\/jpeg\" \/>\n<meta name=\"twitter:card\" content=\"summary_large_image\" \/>\n<script type=\"application\/ld+json\" class=\"yoast-schema-graph\">{\"@context\":\"https:\/\/schema.org\",\"@graph\":[{\"@type\":\"WebPage\",\"@id\":\"https:\/\/www.camping-du-lac-de-bonnefon.com\/nl\/toerisme-aveyron\/\",\"url\":\"https:\/\/www.camping-du-lac-de-bonnefon.com\/nl\/toerisme-aveyron\/\",\"name\":\"Toerisme Aveyron | Bezoek de Roquefort kelders | Vakantie Aveyron (12)\",\"isPartOf\":{\"@id\":\"https:\/\/www.camping-du-lac-de-bonnefon.com\/nl\/#website\"},\"primaryImageOfPage\":{\"@id\":\"https:\/\/www.camping-du-lac-de-bonnefon.com\/nl\/toerisme-aveyron\/#primaryimage\"},\"image\":{\"@id\":\"https:\/\/www.camping-du-lac-de-bonnefon.com\/nl\/toerisme-aveyron\/#primaryimage\"},\"thumbnailUrl\":\"https:\/\/www.camping-du-lac-de-bonnefon.com\/wp-content\/uploads\/2020\/10\/aveyron-tourisme.jpg\",\"datePublished\":\"2020-09-11T12:07:45+00:00\",\"dateModified\":\"2020-10-09T14:21:10+00:00\",\"breadcrumb\":{\"@id\":\"https:\/\/www.camping-du-lac-de-bonnefon.com\/nl\/toerisme-aveyron\/#breadcrumb\"},\"inLanguage\":\"nl-NL\",\"potentialAction\":[{\"@type\":\"ReadAction\",\"target\":[\"https:\/\/www.camping-du-lac-de-bonnefon.com\/nl\/toerisme-aveyron\/\"]}]},{\"@type\":\"ImageObject\",\"inLanguage\":\"nl-NL\",\"@id\":\"https:\/\/www.camping-du-lac-de-bonnefon.com\/nl\/toerisme-aveyron\/#primaryimage\",\"url\":\"https:\/\/www.camping-du-lac-de-bonnefon.com\/wp-content\/uploads\/2020\/10\/aveyron-tourisme.jpg\",\"contentUrl\":\"https:\/\/www.camping-du-lac-de-bonnefon.com\/wp-content\/uploads\/2020\/10\/aveyron-tourisme.jpg\",\"width\":1903,\"height\":549,\"caption\":\"aveyron tourisme\"},{\"@type\":\"BreadcrumbList\",\"@id\":\"https:\/\/www.camping-du-lac-de-bonnefon.com\/nl\/toerisme-aveyron\/#breadcrumb\",\"itemListElement\":[{\"@type\":\"ListItem\",\"position\":1,\"name\":\"Kamperen Aveyron\",\"item\":\"https:\/\/www.camping-du-lac-de-bonnefon.com\/nl\/\"},{\"@type\":\"ListItem\",\"position\":2,\"name\":\"Vakantie in Aveyron\"}]},{\"@type\":\"WebSite\",\"@id\":\"https:\/\/www.camping-du-lac-de-bonnefon.com\/nl\/#website\",\"url\":\"https:\/\/www.camping-du-lac-de-bonnefon.com\/nl\/\",\"name\":\"Camping du Lac de Bonnefon\",\"description\":\"\",\"potentialAction\":[{\"@type\":\"SearchAction\",\"target\":{\"@type\":\"EntryPoint\",\"urlTemplate\":\"https:\/\/www.camping-du-lac-de-bonnefon.com\/nl\/?s={search_term_string}\"},\"query-input\":{\"@type\":\"PropertyValueSpecification\",\"valueRequired\":true,\"valueName\":\"search_term_string\"}}],\"inLanguage\":\"nl-NL\"}]}<\/script>\n<!-- \/ Yoast SEO plugin. -->","yoast_head_json":{"title":"Toerisme Aveyron | Bezoek de Roquefort kelders | Vakantie Aveyron (12)","robots":{"index":"index","follow":"follow","max-snippet":"max-snippet:-1","max-image-preview":"max-image-preview:large","max-video-preview":"max-video-preview:-1"},"canonical":"https:\/\/www.camping-du-lac-de-bonnefon.com\/nl\/toerisme-aveyron\/","og_locale":"nl_NL","og_type":"article","og_title":"Toerisme Aveyron | Bezoek de Roquefort kelders | Vakantie Aveyron (12)","og_url":"https:\/\/www.camping-du-lac-de-bonnefon.com\/nl\/toerisme-aveyron\/","og_site_name":"Camping du Lac de Bonnefon","article_modified_time":"2020-10-09T14:21:10+00:00","og_image":[{"width":1903,"height":549,"url":"https:\/\/www.camping-du-lac-de-bonnefon.com\/wp-content\/uploads\/2020\/10\/aveyron-tourisme.jpg","type":"image\/jpeg"}],"twitter_card":"summary_large_image","schema":{"@context":"https:\/\/schema.org","@graph":[{"@type":"WebPage","@id":"https:\/\/www.camping-du-lac-de-bonnefon.com\/nl\/toerisme-aveyron\/","url":"https:\/\/www.camping-du-lac-de-bonnefon.com\/nl\/toerisme-aveyron\/","name":"Toerisme Aveyron | Bezoek de Roquefort kelders | Vakantie Aveyron (12)","isPartOf":{"@id":"https:\/\/www.camping-du-lac-de-bonnefon.com\/nl\/#website"},"primaryImageOfPage":{"@id":"https:\/\/www.camping-du-lac-de-bonnefon.com\/nl\/toerisme-aveyron\/#primaryimage"},"image":{"@id":"https:\/\/www.camping-du-lac-de-bonnefon.com\/nl\/toerisme-aveyron\/#primaryimage"},"thumbnailUrl":"https:\/\/www.camping-du-lac-de-bonnefon.com\/wp-content\/uploads\/2020\/10\/aveyron-tourisme.jpg","datePublished":"2020-09-11T12:07:45+00:00","dateModified":"2020-10-09T14:21:10+00:00","breadcrumb":{"@id":"https:\/\/www.camping-du-lac-de-bonnefon.com\/nl\/toerisme-aveyron\/#breadcrumb"},"inLanguage":"nl-NL","potentialAction":[{"@type":"ReadAction","target":["https:\/\/www.camping-du-lac-de-bonnefon.com\/nl\/toerisme-aveyron\/"]}]},{"@type":"ImageObject","inLanguage":"nl-NL","@id":"https:\/\/www.camping-du-lac-de-bonnefon.com\/nl\/toerisme-aveyron\/#primaryimage","url":"https:\/\/www.camping-du-lac-de-bonnefon.com\/wp-content\/uploads\/2020\/10\/aveyron-tourisme.jpg","contentUrl":"https:\/\/www.camping-du-lac-de-bonnefon.com\/wp-content\/uploads\/2020\/10\/aveyron-tourisme.jpg","width":1903,"height":549,"caption":"aveyron tourisme"},{"@type":"BreadcrumbList","@id":"https:\/\/www.camping-du-lac-de-bonnefon.com\/nl\/toerisme-aveyron\/#breadcrumb","itemListElement":[{"@type":"ListItem","position":1,"name":"Kamperen Aveyron","item":"https:\/\/www.camping-du-lac-de-bonnefon.com\/nl\/"},{"@type":"ListItem","position":2,"name":"Vakantie in Aveyron"}]},{"@type":"WebSite","@id":"https:\/\/www.camping-du-lac-de-bonnefon.com\/nl\/#website","url":"https:\/\/www.camping-du-lac-de-bonnefon.com\/nl\/","name":"Camping du Lac de Bonnefon","description":"","potentialAction":[{"@type":"SearchAction","target":{"@type":"EntryPoint","urlTemplate":"https:\/\/www.camping-du-lac-de-bonnefon.com\/nl\/?s={search_term_string}"},"query-input":{"@type":"PropertyValueSpecification","valueRequired":true,"valueName":"search_term_string"}}],"inLanguage":"nl-NL"}]}},"_links":{"self":[{"href":"https:\/\/www.camping-du-lac-de-bonnefon.com\/nl\/wp-json\/wp\/v2\/pages\/1560","targetHints":{"allow":["GET"]}}],"collection":[{"href":"https:\/\/www.camping-du-lac-de-bonnefon.com\/nl\/wp-json\/wp\/v2\/pages"}],"about":[{"href":"https:\/\/www.camping-du-lac-de-bonnefon.com\/nl\/wp-json\/wp\/v2\/types\/page"}],"author":[{"embeddable":true,"href":"https:\/\/www.camping-du-lac-de-bonnefon.com\/nl\/wp-json\/wp\/v2\/users\/1"}],"replies":[{"embeddable":true,"href":"https:\/\/www.camping-du-lac-de-bonnefon.com\/nl\/wp-json\/wp\/v2\/comments?post=1560"}],"version-history":[{"count":4,"href":"https:\/\/www.camping-du-lac-de-bonnefon.com\/nl\/wp-json\/wp\/v2\/pages\/1560\/revisions"}],"predecessor-version":[{"id":1691,"href":"https:\/\/www.camping-du-lac-de-bonnefon.com\/nl\/wp-json\/wp\/v2\/pages\/1560\/revisions\/1691"}],"wp:featuredmedia":[{"embeddable":true,"href":"https:\/\/www.camping-du-lac-de-bonnefon.com\/nl\/wp-json\/wp\/v2\/media\/638"}],"wp:attachment":[{"href":"https:\/\/www.camping-du-lac-de-bonnefon.com\/nl\/wp-json\/wp\/v2\/media?parent=1560"}],"curies":[{"name":"wp","href":"https:\/\/api.w.org\/{rel}","templated":true}]}}